{"id":581,"date":"2020-08-28T13:06:01","date_gmt":"2020-08-28T11:06:01","guid":{"rendered":"https:\/\/www.kilearning.net\/?page_id=581"},"modified":"2025-12-24T16:06:40","modified_gmt":"2025-12-24T15:06:40","slug":"impressum-agbs-und-datenschutzerklaerung","status":"publish","type":"page","link":"https:\/\/www.kilearning.net\/en\/impressum-agbs-und-datenschutzerklaerung\/","title":{"rendered":"Imprint &amp; legal information"},"content":{"rendered":"\t\t<div data-elementor-type=\"wp-page\" data-elementor-id=\"581\" class=\"elementor elementor-581\" data-elementor-post-type=\"page\">\n\t\t\t\t\t\t<section data-particle_enable=\"false\" data-particle-mobile-disabled=\"false\" class=\"elementor-section elementor-top-section elementor-element elementor-element-2499f6a2 elementor-section-full_width elementor-section-height-default elementor-section-height-default\" data-id=\"2499f6a2\" data-element_type=\"section\">\n\t\t\t\t\t\t<div class=\"elementor-container elementor-column-gap-default\">\n\t\t\t\t\t<div class=\"elementor-column elementor-col-100 elementor-top-column elementor-element elementor-element-4e8f7e0d\" data-id=\"4e8f7e0d\" data-element_type=\"column\">\n\t\t\t<div class=\"elementor-widget-wrap elementor-element-populated\">\n\t\t\t\t\t\t<section data-particle_enable=\"false\" data-particle-mobile-disabled=\"false\" class=\"elementor-section elementor-inner-section elementor-element elementor-element-246e1dbd elementor-section-full_width elementor-section-height-default elementor-section-height-default\" data-id=\"246e1dbd\" data-element_type=\"section\">\n\t\t\t\t\t\t<div class=\"elementor-container elementor-column-gap-default\">\n\t\t\t\t\t<div class=\"elementor-column elementor-col-50 elementor-inner-column elementor-element elementor-element-72c678e6\" data-id=\"72c678e6\" data-element_type=\"column\">\n\t\t\t<div class=\"elementor-widget-wrap elementor-element-populated\">\n\t\t\t\t\t\t<div class=\"elementor-element elementor-element-13371576 elementor-widget elementor-widget-theme-site-logo elementor-widget-image\" data-id=\"13371576\" data-element_type=\"widget\" data-widget_type=\"theme-site-logo.default\">\n\t\t\t\t<div class=\"elementor-widget-container\">\n\t\t\t\t\t\t\t\t<div class=\"elementor-image\">\n\t\t\t\t\t\t\t\t<a href=\"https:\/\/www.kilearning.net\/en\">\n\t\t\t<img fetchpriority=\"high\" decoding=\"async\" width=\"1189\" height=\"1214\" src=\"https:\/\/www.kilearning.net\/wp-content\/uploads\/2020\/05\/Logo_Blau_ohne_TM.png\" class=\"attachment-full size-full wp-image-13\" alt=\"\" srcset=\"https:\/\/www.kilearning.net\/wp-content\/uploads\/2020\/05\/Logo_Blau_ohne_TM.png 1189w, https:\/\/www.kilearning.net\/wp-content\/uploads\/2020\/05\/Logo_Blau_ohne_TM-600x613.png 600w, https:\/\/www.kilearning.net\/wp-content\/uploads\/2020\/05\/Logo_Blau_ohne_TM-294x300.png 294w, https:\/\/www.kilearning.net\/wp-content\/uploads\/2020\/05\/Logo_Blau_ohne_TM-1003x1024.png 1003w, https:\/\/www.kilearning.net\/wp-content\/uploads\/2020\/05\/Logo_Blau_ohne_TM-768x784.png 768w\" sizes=\"(max-width: 1189px) 100vw, 1189px\" \/>\t\t\t\t<\/a>\n\t\t\t\t\t\t\t\t\t\t<\/div>\n\t\t\t\t\t\t<\/div>\n\t\t\t\t<\/div>\n\t\t\t\t\t<\/div>\n\t\t<\/div>\n\t\t\t\t<div class=\"elementor-column elementor-col-50 elementor-inner-column elementor-element elementor-element-4ef88a51\" data-id=\"4ef88a51\" data-element_type=\"column\">\n\t\t\t<div class=\"elementor-widget-wrap elementor-element-populated\">\n\t\t\t\t\t\t<div class=\"elementor-element elementor-element-1781f209 elementor-nav-menu--stretch elementor-nav-menu--dropdown-tablet elementor-nav-menu__text-align-aside elementor-nav-menu--toggle elementor-nav-menu--burger elementor-widget elementor-widget-nav-menu\" data-id=\"1781f209\" data-element_type=\"widget\" data-settings=\"{&quot;full_width&quot;:&quot;stretch&quot;,&quot;motion_fx_motion_fx_mouse&quot;:&quot;yes&quot;,&quot;submenu_icon&quot;:{&quot;value&quot;:&quot;&lt;i class=\\&quot;fas fa-chevron-down\\&quot;&gt;&lt;\\\/i&gt;&quot;,&quot;library&quot;:&quot;fa-solid&quot;},&quot;layout&quot;:&quot;horizontal&quot;,&quot;toggle&quot;:&quot;burger&quot;}\" data-widget_type=\"nav-menu.default\">\n\t\t\t\t<div class=\"elementor-widget-container\">\n\t\t\t\t\t\t<nav class=\"elementor-nav-menu--main elementor-nav-menu__container elementor-nav-menu--layout-horizontal e--pointer-underline e--animation-fade\">\n\t\t\t\t<ul id=\"menu-1-1781f209\" class=\"elementor-nav-menu\"><li class=\"menu-item menu-item-type-post_type menu-item-object-page menu-item-home menu-item-835\"><a href=\"https:\/\/www.kilearning.net\/en\/\" class=\"elementor-item\">JULIAN KEA<\/a><\/li>\n<li class=\"menu-item menu-item-type-post_type menu-item-object-page menu-item-836\"><a href=\"https:\/\/www.kilearning.net\/en\/training-from-the-back-of-the-room\/\" class=\"elementor-item\">TRAIN|THE|TRAINER<\/a><\/li>\n<li class=\"menu-item menu-item-type-post_type menu-item-object-page menu-item-2745\"><a href=\"https:\/\/www.kilearning.net\/en\/agile-games-facilitation\/\" class=\"elementor-item\">DAS BUCH<\/a><\/li>\n<li class=\"menu-item menu-item-type-post_type menu-item-object-page menu-item-1084\"><a href=\"https:\/\/www.kilearning.net\/en\/serious-games-podcast-ii\/\" class=\"elementor-item\">DER PODCAST<\/a><\/li>\n<li class=\"menu-item menu-item-type-post_type menu-item-object-page menu-item-2262\"><a href=\"https:\/\/www.kilearning.net\/en\/thedebriefingcube-3\/\" class=\"elementor-item\">THE DEBRIEFING CUBE<\/a><\/li>\n<li class=\"menu-item menu-item-type-custom menu-item-object-custom menu-item-36\"><a href=\"\/#anchorkontakt\" class=\"elementor-item elementor-item-anchor\">KONTAKT<\/a><\/li>\n<\/ul>\t\t\t<\/nav>\n\t\t\t\t\t<div class=\"elementor-menu-toggle\" role=\"button\" tabindex=\"0\" aria-label=\"Menu Toggle\" aria-expanded=\"false\">\n\t\t\t<i aria-hidden=\"true\" role=\"presentation\" class=\"elementor-menu-toggle__icon--open eicon-menu-bar\"><\/i><i aria-hidden=\"true\" role=\"presentation\" class=\"elementor-menu-toggle__icon--close eicon-close\"><\/i>\t\t\t<span class=\"elementor-screen-only\">Menu<\/span>\n\t\t<\/div>\n\t\t\t\t\t<nav class=\"elementor-nav-menu--dropdown elementor-nav-menu__container\" aria-hidden=\"true\">\n\t\t\t\t<ul id=\"menu-2-1781f209\" class=\"elementor-nav-menu\"><li class=\"menu-item menu-item-type-post_type menu-item-object-page menu-item-home menu-item-835\"><a href=\"https:\/\/www.kilearning.net\/en\/\" class=\"elementor-item\" tabindex=\"-1\">JULIAN KEA<\/a><\/li>\n<li class=\"menu-item menu-item-type-post_type menu-item-object-page menu-item-836\"><a href=\"https:\/\/www.kilearning.net\/en\/training-from-the-back-of-the-room\/\" class=\"elementor-item\" tabindex=\"-1\">TRAIN|THE|TRAINER<\/a><\/li>\n<li class=\"menu-item menu-item-type-post_type menu-item-object-page menu-item-2745\"><a href=\"https:\/\/www.kilearning.net\/en\/agile-games-facilitation\/\" class=\"elementor-item\" tabindex=\"-1\">DAS BUCH<\/a><\/li>\n<li class=\"menu-item menu-item-type-post_type menu-item-object-page menu-item-1084\"><a href=\"https:\/\/www.kilearning.net\/en\/serious-games-podcast-ii\/\" class=\"elementor-item\" tabindex=\"-1\">DER PODCAST<\/a><\/li>\n<li class=\"menu-item menu-item-type-post_type menu-item-object-page menu-item-2262\"><a href=\"https:\/\/www.kilearning.net\/en\/thedebriefingcube-3\/\" class=\"elementor-item\" tabindex=\"-1\">THE DEBRIEFING CUBE<\/a><\/li>\n<li class=\"menu-item menu-item-type-custom menu-item-object-custom menu-item-36\"><a href=\"\/#anchorkontakt\" class=\"elementor-item elementor-item-anchor\" tabindex=\"-1\">KONTAKT<\/a><\/li>\n<\/ul>\t\t\t<\/nav>\n\t\t\t\t<\/div>\n\t\t\t\t<\/div>\n\t\t\t\t\t<\/div>\n\t\t<\/div>\n\t\t\t\t\t<\/div>\n\t\t<\/section>\n\t\t\t\t<div class=\"elementor-element elementor-element-4c31a078 elementor--v-position-bottom elementor--h-position-center elementor-arrows-position-inside elementor-pagination-position-inside elementor-widget elementor-widget-slides\" data-id=\"4c31a078\" data-element_type=\"widget\" data-settings=\"{&quot;transition&quot;:&quot;fade&quot;,&quot;transition_speed&quot;:2000,&quot;autoplay_speed&quot;:7500,&quot;navigation&quot;:&quot;both&quot;,&quot;autoplay&quot;:&quot;yes&quot;,&quot;pause_on_hover&quot;:&quot;yes&quot;,&quot;pause_on_interaction&quot;:&quot;yes&quot;,&quot;infinite&quot;:&quot;yes&quot;}\" data-widget_type=\"slides.default\">\n\t\t\t\t<div class=\"elementor-widget-container\">\n\t\t\t\t\t<div class=\"elementor-swiper\">\n\t\t\t<div class=\"elementor-slides-wrapper elementor-main-swiper swiper\" dir=\"ltr\" data-animation=\"fadeInUp\">\n\t\t\t\t<div class=\"swiper-wrapper elementor-slides\">\n\t\t\t\t\t\t\t\t\t\t<div class=\"elementor-repeater-item-d0ae5d5 swiper-slide\"><div class=\"swiper-slide-bg elementor-ken-burns elementor-ken-burns--in\" role=\"img\"><\/div><div class=\"elementor-background-overlay\"><\/div><div class=\"swiper-slide-inner\" ><div class=\"swiper-slide-contents\"><div class=\"elementor-slide-heading\">Julian Kea<\/div><div class=\"elementor-slide-description\">Serious Games Facilitation  \u2022<br>Team Coaching<\/div><\/div><\/div><\/div><div class=\"elementor-repeater-item-43287cd swiper-slide\"><div class=\"swiper-slide-bg elementor-ken-burns elementor-ken-burns--in\" role=\"img\"><\/div><div class=\"elementor-background-overlay\"><\/div><div class=\"swiper-slide-inner\" ><div class=\"swiper-slide-contents\"><div class=\"elementor-slide-heading\">Julian Kea<\/div><div class=\"elementor-slide-description\">Strategie & Synergie\n<br>Entwicklung<\/div><a href=\"https:\/\/www.kilearning.net\/lego-serious-play\/\" class=\"elementor-button elementor-slide-button elementor-size-sm\">Mehr zu LEGO\u00ae SERIOUS PLAY\u00ae<\/a><\/div><\/div><\/div><div class=\"elementor-repeater-item-a531942 swiper-slide\"><div class=\"swiper-slide-bg elementor-ken-burns elementor-ken-burns--in\" role=\"img\"><\/div><div class=\"elementor-background-overlay\"><\/div><div class=\"swiper-slide-inner\" ><div class=\"swiper-slide-contents\"><div class=\"elementor-slide-heading\">150 Debriefing-Fragen<\/div><div class=\"elementor-slide-description\">#TheDebriefingCube<\/div><div  class=\"elementor-button elementor-slide-button elementor-size-sm\">Zum Shop<\/div><\/div><\/div><\/div><div class=\"elementor-repeater-item-cb6ee21 swiper-slide\"><div class=\"swiper-slide-bg elementor-ken-burns elementor-ken-burns--in\" role=\"img\"><\/div><div class=\"elementor-background-overlay\"><\/div><div class=\"swiper-slide-inner\" ><div class=\"swiper-slide-contents\"><div class=\"elementor-slide-heading\">Agile Spiele<\/div><div class=\"elementor-slide-description\">#SeriousGamesPodcast<\/div><a href=\"http:\/\/SeriousGamesPodcast.com\" class=\"elementor-button elementor-slide-button elementor-size-sm\">Zum Podcast<\/a><\/div><\/div><\/div><div class=\"elementor-repeater-item-cee2928 swiper-slide\"><div class=\"swiper-slide-bg elementor-ken-burns elementor-ken-burns--in\" role=\"img\"><\/div><div class=\"elementor-background-overlay\"><\/div><div class=\"swiper-slide-inner\" ><div class=\"swiper-slide-contents\"><div class=\"elementor-slide-heading\">Julian Kea<\/div><div class=\"elementor-slide-description\">Training from the BACK of the Room!<\/div><div  class=\"elementor-button elementor-slide-button elementor-size-sm\">Zum Kursangebot<\/div><\/div><\/div><\/div>\t\t\t\t<\/div>\n\t\t\t\t\t\t\t\t\t\t\t\t\t\t\t<div class=\"swiper-pagination\"><\/div>\n\t\t\t\t\t\t\t\t\t\t\t\t\t\t\t\t<div class=\"elementor-swiper-button elementor-swiper-button-prev\" role=\"button\" tabindex=\"0\">\n\t\t\t\t\t\t\t<i aria-hidden=\"true\" class=\"eicon-chevron-left\"><\/i>\t\t\t\t\t\t\t<span class=\"elementor-screen-only\">Previous slide<\/span>\n\t\t\t\t\t\t<\/div>\n\t\t\t\t\t\t<div class=\"elementor-swiper-button elementor-swiper-button-next\" role=\"button\" tabindex=\"0\">\n\t\t\t\t\t\t\t<i aria-hidden=\"true\" class=\"eicon-chevron-right\"><\/i>\t\t\t\t\t\t\t<span class=\"elementor-screen-only\">Next slide<\/span>\n\t\t\t\t\t\t<\/div>\n\t\t\t\t\t\t\t\t\t\t\t\t<\/div>\n\t\t<\/div>\n\t\t\t\t<\/div>\n\t\t\t\t<\/div>\n\t\t\t\t<div class=\"elementor-element elementor-element-8efeb91 elementor-widget elementor-widget-spacer\" data-id=\"8efeb91\" data-element_type=\"widget\" data-widget_type=\"spacer.default\">\n\t\t\t\t<div class=\"elementor-widget-container\">\n\t\t\t\t\t<div class=\"elementor-spacer\">\n\t\t\t<div class=\"elementor-spacer-inner\"><\/div>\n\t\t<\/div>\n\t\t\t\t<\/div>\n\t\t\t\t<\/div>\n\t\t\t\t<section data-particle_enable=\"false\" data-particle-mobile-disabled=\"false\" class=\"elementor-section elementor-inner-section elementor-element elementor-element-42146a6f elementor-section-height-min-height elementor-section-boxed elementor-section-height-default\" data-id=\"42146a6f\" data-element_type=\"section\" data-settings=\"{&quot;animation&quot;:&quot;none&quot;}\">\n\t\t\t\t\t\t<div class=\"elementor-container elementor-column-gap-default\">\n\t\t\t\t\t<div class=\"elementor-column elementor-col-100 elementor-inner-column elementor-element elementor-element-2e328591\" data-id=\"2e328591\" data-element_type=\"column\">\n\t\t\t<div class=\"elementor-widget-wrap elementor-element-populated\">\n\t\t\t\t\t\t<div class=\"elementor-element elementor-element-5a960ab elementor-invisible elementor-widget elementor-widget-heading\" data-id=\"5a960ab\" data-element_type=\"widget\" data-settings=\"{&quot;_animation&quot;:&quot;fadeInDown&quot;}\" data-widget_type=\"heading.default\">\n\t\t\t\t<div class=\"elementor-widget-container\">\n\t\t\t<h2 class=\"elementor-heading-title elementor-size-default\">Julian Kea, MBA<\/h2>\t\t<\/div>\n\t\t\t\t<\/div>\n\t\t\t\t<div class=\"elementor-element elementor-element-585ecd9b elementor-invisible elementor-widget elementor-widget-heading\" data-id=\"585ecd9b\" data-element_type=\"widget\" data-settings=\"{&quot;_animation&quot;:&quot;fadeIn&quot;}\" data-widget_type=\"heading.default\">\n\t\t\t\t<div class=\"elementor-widget-container\">\n\t\t\t<h2 class=\"elementor-heading-title elementor-size-default\"><b>Impressum<\/b><\/h2>\t\t<\/div>\n\t\t\t\t<\/div>\n\t\t\t\t<div class=\"elementor-element elementor-element-37c8dd46 elementor-invisible elementor-widget elementor-widget-text-editor\" data-id=\"37c8dd46\" data-element_type=\"widget\" data-settings=\"{&quot;motion_fx_motion_fx_scrolling&quot;:&quot;yes&quot;,&quot;_animation&quot;:&quot;fadeInLeft&quot;,&quot;motion_fx_devices&quot;:[&quot;desktop&quot;,&quot;tablet&quot;,&quot;mobile&quot;]}\" data-widget_type=\"text-editor.default\">\n\t\t\t\t<div class=\"elementor-widget-container\">\n\t\t\t\t\t\t\t<p>[ki:]Learning Beraterinnen und Berater handeln nach den Richtlinien und im Sinne der BDVT-Complicance, dem \u201cBerufskodex f\u00fcr die Weiterbildung\u201d des Forums Werteorientierung in der Weiterbildung e.V. (FWW) sowie nach dem Europ\u00e4ischen Verhaltenskodex f\u00fcr Mediatoren. Die entsprechenden Kontaktdaten und weitere Informationen finden Sie unter\u00a0<a href=\"https:\/\/www.bdvt.de\/verband\/mitgliedschaft\/compliance\/\">https:\/\/www.bdvt.de\/verband\/mitgliedschaft\/compliance\/<\/a>,\u00a0<a href=\"http:\/\/forumwerteorientierung.de\/\">http:\/\/forumwerteorientierung.de<\/a>,\u00a0<a href=\"http:\/\/www.bmev.de\/index.php?id=eu_verhaltenskodex\">http:\/\/www.bmev.de<\/a>.<\/p><hr class=\"wp-block-separator\" \/><h4><strong>Impressum<\/strong><\/h4><p>Julian Kea, [ki:]Learning <br \/>c\/o Techtelmechtel GmbH<br \/>G\u00fcrtelstrasse 25<br \/>D-10247 Berlin<br \/>Telefon +49 30 2023 7260<br \/>E-Mail admin [\u0259t] kiLearning [punkt] net<br \/>Internet\u00a0<a href=\"http:\/\/kilearning.net\/\">http:\/\/kiLearning.net<\/a><br \/>LinkedIn <a href=\"https:\/\/www.linkedin.com\/in\/kilearning\/\">https:\/\/www.linkedin.com\/in\/kilearning\/<\/a><br \/><br \/>Gem\u00e4\u00df \u00a7 55,2 RStV ist Julian Kea mit den oben genannten Kontaktdaten verantwortlich.<br \/>Dies gilt explizit auch f\u00fcr Inhalte von [ki:]Learning auf\u00a0[ki:]Echo\u00a0oder Social Media Plattformen, wie beispielsweise Facebook,\u00a0google+,\u00a0<a href=\"http:\/\/de.linkedin.com\/in\/kilearning\" target=\"_blank\" rel=\"noreferrer noopener\">LinkedIn<\/a>, <a href=\"http:\/\/www.slideshare.net\/kiLearning\" target=\"_blank\" rel=\"noreferrer noopener\">SlideShare<\/a>, <a href=\"https:\/\/twitter.com\/kilearning\" target=\"_blank\" rel=\"noreferrer noopener\">X (Twitter)<\/a>\u00a0und\u00a0<a href=\"http:\/\/xing.to\/kiLearning\" target=\"_blank\" rel=\"noreferrer noopener\">XING<\/a>.<\/p><hr class=\"wp-block-separator\" \/><h4><strong>Webdesign und Produktion<\/strong><\/h4><p>Diese Seiten wurden von M. Florian Walz aus Berlin realisiert. Sie erreichen M. Florian Walz via E-Mail unter m.florian.walz [\u0259t] mfw-design [punkt] com und unter <a href=\"http:\/\/www.mfw-design.com\/\">http:\/\/www.mfw-design.com<\/a> | Vielen Dank.<\/p><hr class=\"wp-block-separator\" \/><p><strong>Urheberrecht<\/strong><br \/>Die durch uns als Seitenbetreiber erstellten Inhalte und Werke auf diesen Seiten unterliegen dem deutschen Urheberrecht. Die Vervielf\u00e4ltigung, Bearbeitung, Verbreitung und jede Art der Verwertung au\u00dferhalb der Grenzen des Urheberrechtes bed\u00fcrfen der schriftlichen Zustimmung von [ki:]Learning. Downloads und Kopien dieser Seite sind nicht gestattet. Soweit die Inhalte auf dieser Seite nicht vom Betreiber erstellt wurden, werden die Urheberrechte Dritter beachtet. Insbesondere werden Inhalte Dritter als solche gekennzeichnet. Sollten Sie trotzdem auf eine Urheberrechtsverletzung aufmerksam werden, bitten wir um einen entsprechenden Hinweis an admin [\u0259t] kiLearning [punkt] net. Bei Bekanntwerden von Rechtsverletzungen werden wir derartige Inhalte umgehend entfernen.<\/p><p>Marken, Logos und sonstigen Kennzeichen k\u00f6nnen gesch\u00fctzte Marken darstellen und geh\u00f6ren den jeweiligen Besitzern. LEGO, SERIOUS PLAY, IMAGINOPEDIA und die Minifigur sind urheberrechtlich gesch\u00fctzte Markenzeichen der LEGO Group. Julian Kea ist seit 2013 ausgebildeter Moderator der LEGO\u00ae SERIOUS PLAY\u00ae Methode. Er wird weder von der LEGO Group gesponsert, noch in einer anderen Weise unterst\u00fctzt. [ki:] und MeetingOutLoud sind eine eingetragene Wortmarken von Julian Kea.<\/p><p><strong>Zitate<\/strong><br \/>Kurze Zitate stammen direkt von Julian Kea oder von der angegebenen Quelle. Letztere wurden zum Zeitpunkt der Aufnahme auf diese Seiten sorgf\u00e4ltig auf ihre Gemeinfreiheit hin positiv \u00fcberpr\u00fcft.<\/p>\t\t\t\t\t\t<\/div>\n\t\t\t\t<\/div>\n\t\t\t\t\t<\/div>\n\t\t<\/div>\n\t\t\t\t\t<\/div>\n\t\t<\/section>\n\t\t\t\t\t<\/div>\n\t\t<\/div>\n\t\t\t\t\t<\/div>\n\t\t<\/section>\n\t\t\t\t<\/div>\n\t\t","protected":false},"excerpt":{"rendered":"<p>Julian KeaSerious Games Facilitation \u2022Team CoachingJulian KeaStrategie &#038; Synergie EntwicklungMehr zu LEGO\u00ae SERIOUS PLAY\u00ae150 Debriefing-Fragen#TheDebriefingCubeZum ShopAgile Spiele#SeriousGamesPodcastZum PodcastJulian KeaTraining from the BACK of the Room!Zum Kursangebot Vorheriger Slide N\u00e4chster Slide Julian Kea, MBA Impressum [ki:]Learning Beraterinnen und Berater handeln nach den Richtlinien und im Sinne der BDVT-Complicance, dem \u201cBerufskodex f\u00fcr die Weiterbildung\u201d des Forums Werteorientierung [&hellip;]<\/p>\n","protected":false},"author":4,"featured_media":0,"parent":0,"menu_order":0,"comment_status":"closed","ping_status":"closed","template":"elementor_header_footer","meta":{"footnotes":""},"_links":{"self":[{"href":"https:\/\/www.kilearning.net\/en\/wp-json\/wp\/v2\/pages\/581"}],"collection":[{"href":"https:\/\/www.kilearning.net\/en\/wp-json\/wp\/v2\/pages"}],"about":[{"href":"https:\/\/www.kilearning.net\/en\/wp-json\/wp\/v2\/types\/page"}],"author":[{"embeddable":true,"href":"https:\/\/www.kilearning.net\/en\/wp-json\/wp\/v2\/users\/4"}],"replies":[{"embeddable":true,"href":"https:\/\/www.kilearning.net\/en\/wp-json\/wp\/v2\/comments?post=581"}],"version-history":[{"count":11,"href":"https:\/\/www.kilearning.net\/en\/wp-json\/wp\/v2\/pages\/581\/revisions"}],"predecessor-version":[{"id":2763,"href":"https:\/\/www.kilearning.net\/en\/wp-json\/wp\/v2\/pages\/581\/revisions\/2763"}],"wp:attachment":[{"href":"https:\/\/www.kilearning.net\/en\/wp-json\/wp\/v2\/media?parent=581"}],"curies":[{"name":"wp","href":"https:\/\/api.w.org\/{rel}","templated":true}]}}