{"id":704,"date":"2020-09-23T10:52:12","date_gmt":"2020-09-23T08:52:12","guid":{"rendered":"https:\/\/www.kilearning.net\/?post_type=product&#038;p=704"},"modified":"2024-10-11T20:34:38","modified_gmt":"2024-10-11T18:34:38","slug":"thedebriefingcube-wooden","status":"publish","type":"product","link":"https:\/\/www.kilearning.net\/en\/product\/thedebriefingcube-wooden\/","title":{"rendered":"#TheDebriefingCube, Wooden box"},"content":{"rendered":"<div class=\"price-wrapper\">\n<p class=\"price product-page-price\"><span class=\"woocommerce-Price-amount amount\"><span class=\"woocommerce-Price-currencySymbol\">\u20ac<\/span>21,01<\/span> <small class=\"woocommerce-price-suffix\">plus shipping and VAT<\/small><\/p>\n<\/div>\n<div class=\"product-short-description\">\n<p>Erm\u00f6glichen Sie den gr\u00f6\u00dftm\u00f6glichen Nutzen aus Ihren Simulationen, Interaktionen, Lernspielen und \u00dcbungen, indem Sie Ihre Nachbesprechung mit Hilfe dieses Tools erweitern. Jede W\u00fcrfelseite stellt eine\u00a0Reflexionslinse dar, welche mit den dazugeh\u00f6rigen Fragekarten durch Ihre Teilnehmenden erforscht werden kann.<\/p>\n<p><strong>What is in it for you?\u00a0<\/strong>Increase the value of your exercises, interactions, learning games and simulations by expanding your debriefing skills.<\/p>\n<p><strong>What is in it for your participants?\u00a0<\/strong>The possibility to learn from the shared experiences and to initiate an improvement is increased.<\/p>\n<div>Das Set besteht aus 61 Karten und 4 W\u00fcrfeln.<\/div>\n<div><\/div>\n<div>Die Karten beinhalten:<\/div>\n<ul>\n<li>\u00a0 7 Anweisungskarten mit Moderationstipps und Anwendungsm\u00f6glichkeiten dieses Tools<\/li>\n<li>\u00a0 &#8222;Quick Start&#8220; Karten mit einer kurzen Anleitung zum selbstgesteuerten Debriefing von Gruppen<\/li>\n<li>\u00a0 42 Fragekarten, die jeweils eine Fokusfrage und 3 vertiefende Fragen enthalten<\/li>\n<\/ul>\n<div>Der #TheDebriefingCube\u00a0wurde von Chris Caswell &amp; Julian Kea entworfen. Die Holzkiste wurde vom Zentrum AktionsRaum der VIA Perspektiven gGmbH in Berlin entworfen und wird hier in Handarbeit hergestellt.<\/div>\n<\/div>","protected":false},"excerpt":{"rendered":"<div>The set consists of <strong>61 cards and 4 dice<\/strong> in a paper box<\/div>\n<div>This includes<strong> 42 question cards, with a total of more than 150 questions<\/strong> facilitation tips, practical examples and \"Quick Start\" cards for self-directed debriefing of groups<\/div>","protected":false},"featured_media":1022,"template":"","meta":[],"product_cat":[37],"product_tag":[],"_links":{"self":[{"href":"https:\/\/www.kilearning.net\/en\/wp-json\/wp\/v2\/product\/704"}],"collection":[{"href":"https:\/\/www.kilearning.net\/en\/wp-json\/wp\/v2\/product"}],"about":[{"href":"https:\/\/www.kilearning.net\/en\/wp-json\/wp\/v2\/types\/product"}],"wp:featuredmedia":[{"embeddable":true,"href":"https:\/\/www.kilearning.net\/en\/wp-json\/wp\/v2\/media\/1022"}],"wp:attachment":[{"href":"https:\/\/www.kilearning.net\/en\/wp-json\/wp\/v2\/media?parent=704"}],"wp:term":[{"taxonomy":"product_cat","embeddable":true,"href":"https:\/\/www.kilearning.net\/en\/wp-json\/wp\/v2\/product_cat?post=704"},{"taxonomy":"product_tag","embeddable":true,"href":"https:\/\/www.kilearning.net\/en\/wp-json\/wp\/v2\/product_tag?post=704"}],"curies":[{"name":"wp","href":"https:\/\/api.w.org\/{rel}","templated":true}]}}